{"id":149,"date":"2025-10-06T17:20:38","date_gmt":"2025-10-06T17:20:38","guid":{"rendered":"https:\/\/e-manusi.ro\/wp\/?post_type=product&#038;p=149"},"modified":"2026-04-15T22:25:24","modified_gmt":"2026-04-15T19:25:24","slug":"manusi-100-buc-nitril-microflex-92-134-versatility","status":"publish","type":"product","link":"https:\/\/e-manusi.ro\/?product=manusi-100-buc-nitril-microflex-92-134-versatility","title":{"rendered":"MANUSI 100 BUC NITRIL MICROFLEX 92-134 versatility"},"content":{"rendered":"<div class=\"col-12 col-xl-4\">\n<div class=\"ans-accordion\">\n<div class=\"ans-accordion-item\">\n<div class=\"ans-accordion-body d-xl-block\">\n<div class=\"ans-accordion-body-content\">\n<h3 class=\"d-none d-xl-block\">Descriere<\/h3>\n<ul>\n<li><strong>Confort sporit:<\/strong>\u00a0M\u0103nu\u0219ile de siguran\u021b\u0103 de unic\u0103 folosin\u021b\u0103 Ansell MICROFLEX<sup>\u00ae<\/sup>\u00a092-134 Versatility sunt fabricate dintr-o formul\u0103 de nitril moale, care asigur\u0103 o potrivire \u0219i o senza\u021bie foarte confortabil\u0103, protej\u00e2nd \u00een acela\u0219i timp m\u00e2inile.<\/li>\n<li><strong>Tactilitate crescut\u0103:<\/strong>\u00a0Construc\u021bia u\u0219oar\u0103 a acestor m\u0103nu\u0219i de unic\u0103 folosin\u021b\u0103 din nitril ofer\u0103 o sensibilitate tactil\u0103 sporit\u0103 \u0219i un control motor fin.<\/li>\n<li>Aderen\u021b\u0103\u00a0<strong>optimizat\u0103<\/strong>: Aceste m\u0103nu\u0219i MICROFLEX<sup>\u00ae<\/sup>\u00a0sunt texturate pe v\u00e2rfurile degetelor pentru a asigura o aderen\u021b\u0103 mai puternic\u0103 pentru o manipulare mai sigur\u0103 a uneltelor \u0219i materialelor<\/li>\n<li><strong>Versatilitate autentic\u0103:<\/strong>\u00a0Concepute pentru o gam\u0103 larg\u0103 de aplica\u021bii, aceste m\u0103nu\u0219i consolideaz\u0103 protec\u021bia m\u00e2inilor \u00eentr-o gam\u0103 larg\u0103 de industrii.<\/li>\n<\/ul>\n<\/div>\n<\/div>\n<\/div>\n<div class=\"ans-accordion-item\">\n<div class=\"ans-accordion-body d-xl-block\">\n<div class=\"ans-accordion-body-content\">\n<h3 class=\"d-none d-xl-block\">Recomandat pentru<\/h3>\n<ul>\n<li>Examin\u0103ri standard ale pacien\u021bilor<\/li>\n<li>Sortarea pieselor \u0219i accesoriilor<\/li>\n<li>Prelucrare \u0219i manipulare de alimente<\/li>\n<li>Catering \/ Preg\u0103tirea meselor<\/li>\n<li>Dezafectarea de\u0219eurilor (gunoi, de\u0219euri cu risc biologic \u0219i lenjerie de pat)<\/li>\n<li>Lucr\u0103ri u\u0219oare de montaj<\/li>\n<li>Munc\u0103 de laborator, amestecare, compoundare, umplere, cur\u0103\u021bare<\/li>\n<li>Prepararea produselor farmaceutice<\/li>\n<li>Analize de laborator<\/li>\n<\/ul>\n<\/div>\n<\/div>\n<\/div>\n<div class=\"ans-accordion-item\">\n<div class=\"ans-accordion-body d-xl-block\">\n<div class=\"ans-accordion-body-content\">\n<h3 class=\"d-none d-xl-block\">Industrii primare<\/h3>\n<ul>\n<li><a href=\"https:\/\/www.ansell.com\/ro\/ro\/sectors\/healthcare\"><strong>S\u0103n\u0103tate<\/strong><\/a><\/li>\n<li><a href=\"https:\/\/www.ansell.com\/ro\/ro\/sectors\/automotive\"><strong>Autovehicule<\/strong><\/a><\/li>\n<li><a href=\"https:\/\/www.ansell.com\/ro\/ro\/sectors\/food-processing\"><strong>Prelucrarea alimentelor<\/strong><\/a><\/li>\n<li><a href=\"https:\/\/www.ansell.com\/ro\/en\/sectors\/janitorial\"><strong>Administrare de cl\u0103diri\/igienizare<\/strong><\/a><\/li>\n<li><strong>Fabrica\u021bie<\/strong><\/li>\n<li><a href=\"https:\/\/www.ansell.com\/ro\/ro\/sectors\/life-sciences\"><strong>Biologie<\/strong><\/a><\/li>\n<li><strong>Guvern<\/strong><\/li>\n<\/ul>\n<\/div>\n<\/div>\n<\/div>\n<\/div>\n<\/div>\n<div class=\"col-12 col-xl-4\">\n<div class=\"ans-accordion\">\n<div class=\"ans-accordion-item\">\n<div class=\"ans-accordion-body d-xl-block\">\n<div class=\"ans-accordion-body-content\">\n<h3 class=\"d-none d-xl-block\">Detalii produs<\/h3>\n<ul class=\"underlined-list\">\n<li data-webid=\"product-specification\"><span data-webid=\"product-specification-label\">MATERIAL<\/span><span data-webid=\"product-specification-value\">Nitril<\/span><\/li>\n<li data-webid=\"product-specification\"><span data-webid=\"product-specification-label\">NU ESTE CONFEC\u021aIONAT DIN LATEX DE CAUCIUC NATURAL-<\/span><span data-webid=\"product-specification-value\">Da<\/span><\/li>\n<li data-webid=\"product-specification\"><span data-webid=\"product-specification-label\">CULOARE-<\/span><span data-webid=\"product-specification-value\">Albastru<\/span><\/li>\n<li data-webid=\"product-specification\"><span data-webid=\"product-specification-label\">LUNGIMEA MAN\u0218ETEI-<\/span><span data-webid=\"product-specification-value\">Standard<\/span><\/li>\n<li data-webid=\"product-specification\"><span data-webid=\"product-specification-label\">CON\u021aINUTUL DE PULBERE-<\/span><span data-webid=\"product-specification-value\">F\u0103r\u0103 pudr\u0103<\/span><\/li>\n<li data-webid=\"product-specification\"><span data-webid=\"product-specification-label\">SUPRAFA\u021aA M\u0102NU\u0218II EXTERIOARE-<\/span><span data-webid=\"product-specification-value\">Degete texturate<\/span><\/li>\n<li data-webid=\"product-specification\"><span data-webid=\"product-specification-label\">LIBERTATEA DE LA G\u0102URI (NIVEL DE INSPEC\u021aIE I)<\/span><span data-webid=\"product-specification-value\">1.5 AQL<\/span><\/li>\n<li data-webid=\"product-specification\"><span data-webid=\"product-specification-label\">GROSIMEA DEGETULUI (MM\/MIL)<\/span><span data-webid=\"product-specification-value\">0.11 \/ 4.3<\/span><\/li>\n<li data-webid=\"product-specification\"><span data-webid=\"product-specification-label\">GROSIMEA PALMEI (MM\/MIL)<\/span><span data-webid=\"product-specification-value\">0.07 \/ 2.8 (NA) 0.03 \/ 1.23 (EMEA)<\/span><\/li>\n<li data-webid=\"product-specification\"><span data-webid=\"product-specification-label\">PREVENIREA ALERGIILOR-<\/span><span data-webid=\"product-specification-value\">Latex (tip I)<\/span><\/li>\n<li data-webid=\"product-specification\"><span data-webid=\"product-specification-label\">DIMENSIUNI DISPONIBILE-<\/span><span data-webid=\"product-specification-value\">XS (5.5 &#8211; 6), S (6.5 &#8211; 7), M (7.5 &#8211; 8), L (8.5\u20139), XL (9.5 &#8211; 10), XXL (10.5 &#8211; 11)<\/span><\/li>\n<li data-webid=\"product-specification\"><span data-webid=\"product-specification-label\">TESTAT\u0102 PENTRU UTILIZARE CU MEDICAMENTE PENTRU CHIMIOTERAPIE-<\/span><span data-webid=\"product-specification-value\">Da, \u00een conformitate cu ASTM D6978 \u0219i cu aprobarea FDA din SUA<\/span><\/li>\n<li data-webid=\"product-specification\"><span data-webid=\"product-specification-label\">F\u0102R\u0102 SILICON-<\/span><span data-webid=\"product-specification-value\">Nu<\/span><\/li>\n<li data-webid=\"product-specification\"><span data-webid=\"product-specification-label\">STERILE-<\/span><span data-webid=\"product-specification-value\">Nu<\/span><\/li>\n<li data-webid=\"product-specification\"><span data-webid=\"product-specification-label\">ANTISTATICE<\/span><span data-webid=\"product-specification-value\">Nu<\/span><\/li>\n<li data-webid=\"product-specification\"><span data-webid=\"product-specification-label\">RECOMANDARE DE M\u0102NU\u0218I DUBLE-<\/span><span data-webid=\"product-specification-value\">Da, ca m\u0103nu\u0219\u0103 interioar\u0103<\/span><\/li>\n<li data-webid=\"product-specification\"><span data-webid=\"product-specification-label\">LUNGIME M\u0102NU\u0218\u0102-<\/span><span data-webid=\"product-specification-value\">240 \/ 9,5<\/span><\/li>\n<li data-webid=\"product-specification\"><span data-webid=\"product-specification-label\">SEGMENTAREA PRODUSELOR-<\/span><span data-webid=\"product-specification-value\">Sub\u021bire st<\/span><\/li>\n<\/ul>\n<\/div>\n<\/div>\n<\/div>\n<\/div>\n<\/div>\n","protected":false},"excerpt":{"rendered":"<p>M\u0103nu\u0219i confortabile care ofer\u0103 tactilitate \u0219i protec\u021bie \u00een numeroase aplica\u021bii<\/p>\n","protected":false},"featured_media":158,"comment_status":"open","ping_status":"closed","template":"","meta":{"pagelayer_contact_templates":[],"_pagelayer_content":""},"product_brand":[],"product_cat":[15],"product_tag":[],"class_list":{"0":"post-149","1":"product","2":"type-product","3":"status-publish","4":"has-post-thumbnail","6":"product_cat-uncategorized","8":"first","9":"instock","10":"shipping-taxable","11":"purchasable","12":"product-type-variable"},"jetpack_sharing_enabled":true,"_links":{"self":[{"href":"https:\/\/e-manusi.ro\/index.php?rest_route=\/wp\/v2\/product\/149","targetHints":{"allow":["GET"]}}],"collection":[{"href":"https:\/\/e-manusi.ro\/index.php?rest_route=\/wp\/v2\/product"}],"about":[{"href":"https:\/\/e-manusi.ro\/index.php?rest_route=\/wp\/v2\/types\/product"}],"replies":[{"embeddable":true,"href":"https:\/\/e-manusi.ro\/index.php?rest_route=%2Fwp%2Fv2%2Fcomments&post=149"}],"wp:featuredmedia":[{"embeddable":true,"href":"https:\/\/e-manusi.ro\/index.php?rest_route=\/wp\/v2\/media\/158"}],"wp:attachment":[{"href":"https:\/\/e-manusi.ro\/index.php?rest_route=%2Fwp%2Fv2%2Fmedia&parent=149"}],"wp:term":[{"taxonomy":"product_brand","embeddable":true,"href":"https:\/\/e-manusi.ro\/index.php?rest_route=%2Fwp%2Fv2%2Fproduct_brand&post=149"},{"taxonomy":"product_cat","embeddable":true,"href":"https:\/\/e-manusi.ro\/index.php?rest_route=%2Fwp%2Fv2%2Fproduct_cat&post=149"},{"taxonomy":"product_tag","embeddable":true,"href":"https:\/\/e-manusi.ro\/index.php?rest_route=%2Fwp%2Fv2%2Fproduct_tag&post=149"}],"curies":[{"name":"wp","href":"https:\/\/api.w.org\/{rel}","templated":true}]}}