{"id":169,"date":"2025-10-06T17:35:30","date_gmt":"2025-10-06T17:35:30","guid":{"rendered":"https:\/\/e-manusi.ro\/wp\/?post_type=product&#038;p=169"},"modified":"2026-04-15T22:11:39","modified_gmt":"2026-04-15T19:11:39","slug":"manusi-alphatec-79-700","status":"publish","type":"product","link":"https:\/\/e-manusi.ro\/?product=manusi-alphatec-79-700","title":{"rendered":"Manusi  ALPHATEC 79-700"},"content":{"rendered":"<div class=\"col-12 col-xl-4\">\n<div class=\"ans-accordion\">\n<div class=\"ans-accordion-item\">\n<div class=\"ans-accordion-body d-xl-block\">\n<div class=\"ans-accordion-body-content\">\n<h3 class=\"d-none d-xl-block\">Descriere<\/h3>\n<ul>\n<li><strong>Absorb\u021bie \u00eembun\u0103t\u0103\u021bit\u0103:<\/strong>\u00a0M\u0103nu\u0219i PPE AlphaTec<sup>\u00ae<\/sup>\u00a079-700 Gestionarea umezelii cu flocare intern\u0103 din bumbac, pentru m\u00e2ini care r\u0103m\u00e2n uscate mai mult timp<\/li>\n<li><strong>Protec\u021bie specializat\u0103:<\/strong>\u00a0Compozi\u021bia lor robust\u0103 din nitril asigur\u0103 o protec\u021bie u\u0219oar\u0103 \u00eempotriva substan\u021belor chimice, acizilor, gr\u0103similor \u0219i lichidelor, cu rezisten\u021b\u0103 chimic\u0103 EN 374 tip B.<\/li>\n<li><strong>Dexteritate crescut\u0103:<\/strong>\u00a0Aceste m\u0103nu\u0219i AlphaTec<sup>\u00ae<\/sup>\u00a0au, de asemenea, un design u\u0219or, ceea ce le confer\u0103 o dexteritate \u0219i o flexibilitate mai mare.<\/li>\n<li><strong>Conformitatea \u00een ceea ce prive\u0219te manipularea alimentelor:<\/strong>\u00a0Acestea posed\u0103 certificare european\u0103 pentru manipularea alimentelor, ceea ce le face ideale pentru aplica\u021biile de procesare a alimentelor.<\/li>\n<li><strong>Confort sporit:<\/strong>\u00a0Capacit\u0103\u021bile lor de absorb\u021bie \u0219i designul u\u0219or confer\u0103, de asemenea, acestor m\u0103nu\u0219i industriale un confort total.<\/li>\n<\/ul>\n<\/div>\n<\/div>\n<\/div>\n<div class=\"ans-accordion-item\">\n<div class=\"ans-accordion-body d-xl-block\">\n<div class=\"ans-accordion-body-content\">\n<h3 class=\"d-none d-xl-block\">Recomandat pentru<\/h3>\n<ul>\n<li>Repara\u021bii de transmisii \u0219i motoare<\/li>\n<li>Unelte sau robo\u021bi de vopsit sau cur\u0103\u021bat<\/li>\n<li>Toate aplica\u021biile de prelucr\u0103ri de alimente care vin \u00een contact cu alimentele<\/li>\n<li>Lucr\u0103ri u\u0219oare de montaj<\/li>\n<li>Manipularea obiectelor mari uscate, umede sau uleioase<\/li>\n<li>Schimb de ulei, fluide \u0219i filtre<\/li>\n<\/ul>\n<\/div>\n<\/div>\n<\/div>\n<div class=\"ans-accordion-item\">\n<div class=\"ans-accordion-body d-xl-block\">\n<div class=\"ans-accordion-body-content\">\n<h3 class=\"d-none d-xl-block\">Industrii primare<\/h3>\n<ul>\n<li><a href=\"https:\/\/www.ansell.com\/ro\/ro\/sectors\/food-processing\"><strong>Prelucrarea alimentelor<\/strong><\/a><\/li>\n<li><a href=\"https:\/\/www.ansell.com\/ro\/en\/sectors\/janitorial\"><strong>Administrare de cl\u0103diri\/igienizare<\/strong><\/a><\/li>\n<li><a href=\"https:\/\/www.ansell.com\/ro\/en\/sectors\/construction\"><strong>Construc\u021bii<\/strong><\/a><\/li>\n<li><a href=\"https:\/\/www.ansell.com\/ro\/ro\/sectors\/automotive\"><strong>Autovehicule<\/strong><\/a><\/li>\n<li><strong>Prelucrarea metalelor<\/strong><\/li>\n<li><strong>Transport<\/strong><\/li>\n<\/ul>\n<\/div>\n<\/div>\n<\/div>\n<\/div>\n<\/div>\n<div class=\"col-12 col-xl-4\">\n<div class=\"ans-accordion\">\n<div class=\"ans-accordion-item\">\n<div class=\"ans-accordion-body d-xl-block\">\n<div class=\"ans-accordion-body-content\">\n<h3 class=\"d-none d-xl-block\">Detalii produs<\/h3>\n<ul class=\"underlined-list\">\n<li data-webid=\"product-specification\"><span data-webid=\"product-specification-label\">ANTISTATICE-<\/span><span data-webid=\"product-specification-value\">Da EN1149<\/span><\/li>\n<li data-webid=\"product-specification\"><span data-webid=\"product-specification-label\">DIMENSIUNI DISPONIBILE-<\/span><span data-webid=\"product-specification-value\">7, 8, 9, 10, 11<\/span><\/li>\n<li data-webid=\"product-specification\"><span data-webid=\"product-specification-label\">CULOARE ACOPERIR-<\/span><span data-webid=\"product-specification-value\">Albastru<\/span><\/li>\n<li data-webid=\"product-specification\"><span data-webid=\"product-specification-label\">MATERIAL ACOPERIRE-<\/span><span data-webid=\"product-specification-value\">Nitril<\/span><\/li>\n<li data-webid=\"product-specification\"><span data-webid=\"product-specification-label\">CONSTRUC\u021aII-<\/span><span data-webid=\"product-specification-value\">F\u0103r\u0103 suport<\/span><\/li>\n<li data-webid=\"product-specification\"><span data-webid=\"product-specification-label\">STIL MAN\u0218ET\u0102-<\/span><span data-webid=\"product-specification-value\">Dreapt\u0103<\/span><\/li>\n<li data-webid=\"product-specification\"><span data-webid=\"product-specification-label\">CONCEPT DE PRIZ\u0102-<\/span><span data-webid=\"product-specification-value\">Romb inversat<\/span><\/li>\n<li data-webid=\"product-specification\"><span data-webid=\"product-specification-label\">F\u0102R\u0102 LATEX-<\/span><span data-webid=\"product-specification-value\">Da<\/span><\/li>\n<li data-webid=\"product-specification\"><span data-webid=\"product-specification-label\">LUNGIME-<\/span><span data-webid=\"product-specification-value\">310 \/ 12.2<\/span><\/li>\n<li data-webid=\"product-specification\"><span data-webid=\"product-specification-label\">GROSIMEA PALMEI (MM\/MIL)<\/span><span data-webid=\"product-specification-value\">0.22 \/ 8.7<\/span><\/li>\n<li data-webid=\"product-specification\"><span data-webid=\"product-specification-label\">F\u0102R\u0102 SILICON-<\/span><span data-webid=\"product-specification-value\">Da<\/span><\/li>\n<li data-webid=\"product-specification\">pretpereche<\/li>\n<li data-webid=\"product-specification\">DOWNLOAD:<br \/>\n<a href=\"https:\/\/www.ansell.com\/ro\/ro\/products\/alphatec-79-700\/pds\/wZTawJCQV3oTcBOSkC5A\">Fisa tehnica<\/a><\/li>\n<li data-webid=\"product-specification\"><a href=\"https:\/\/www.ansell.com\/ro\/ro\/products\/alphatec-79-700\/doc\/wZTawJCQV3oTcBOSkC5A\">Declaratie de conformitate<\/a><\/li>\n<li data-webid=\"product-specification\"><a href=\"https:\/\/www.ansell.com\/ro\/ro\/products\/alphatec-79-700\/fdoc\/wZTawJCQV3oTcBOSkC5A\">Declaratie de conformitate a produsului pentru alimente<\/a><\/li>\n<\/ul>\n<\/div>\n<\/div>\n<\/div>\n<\/div>\n<\/div>\n","protected":false},"excerpt":{"rendered":"<p class=\"sub-header\" data-webid=\"old-product-name\">Cunoscut anterior ca: VirtexTM 79-700<\/p>\n<p>M\u0103nu\u0219i chimice u\u0219oare \u0219i confortabile, cu capacit\u0103\u021bi avansate de absorb\u021bie interioar\u0103<\/p>\n","protected":false},"featured_media":179,"comment_status":"open","ping_status":"closed","template":"","meta":{"pagelayer_contact_templates":[],"_pagelayer_content":""},"product_brand":[],"product_cat":[15],"product_tag":[],"class_list":{"0":"post-169","1":"product","2":"type-product","3":"status-publish","4":"has-post-thumbnail","6":"product_cat-uncategorized","8":"first","9":"instock","10":"shipping-taxable","11":"purchasable","12":"product-type-variable"},"jetpack_sharing_enabled":true,"_links":{"self":[{"href":"https:\/\/e-manusi.ro\/index.php?rest_route=\/wp\/v2\/product\/169","targetHints":{"allow":["GET"]}}],"collection":[{"href":"https:\/\/e-manusi.ro\/index.php?rest_route=\/wp\/v2\/product"}],"about":[{"href":"https:\/\/e-manusi.ro\/index.php?rest_route=\/wp\/v2\/types\/product"}],"replies":[{"embeddable":true,"href":"https:\/\/e-manusi.ro\/index.php?rest_route=%2Fwp%2Fv2%2Fcomments&post=169"}],"wp:featuredmedia":[{"embeddable":true,"href":"https:\/\/e-manusi.ro\/index.php?rest_route=\/wp\/v2\/media\/179"}],"wp:attachment":[{"href":"https:\/\/e-manusi.ro\/index.php?rest_route=%2Fwp%2Fv2%2Fmedia&parent=169"}],"wp:term":[{"taxonomy":"product_brand","embeddable":true,"href":"https:\/\/e-manusi.ro\/index.php?rest_route=%2Fwp%2Fv2%2Fproduct_brand&post=169"},{"taxonomy":"product_cat","embeddable":true,"href":"https:\/\/e-manusi.ro\/index.php?rest_route=%2Fwp%2Fv2%2Fproduct_cat&post=169"},{"taxonomy":"product_tag","embeddable":true,"href":"https:\/\/e-manusi.ro\/index.php?rest_route=%2Fwp%2Fv2%2Fproduct_tag&post=169"}],"curies":[{"name":"wp","href":"https:\/\/api.w.org\/{rel}","templated":true}]}}