{"id":281,"date":"2025-10-06T18:49:53","date_gmt":"2025-10-06T18:49:53","guid":{"rendered":"https:\/\/e-manusi.ro\/wp\/?post_type=product&#038;p=281"},"modified":"2026-04-15T22:18:16","modified_gmt":"2026-04-15T19:18:16","slug":"manusi-100-buc-microflex-mega-texture-93-256-orange","status":"publish","type":"product","link":"https:\/\/e-manusi.ro\/?product=manusi-100-buc-microflex-mega-texture-93-256-orange","title":{"rendered":"MANUSI 100 BUC MICROFLEX MEGA-TEXTURE 93-256 orange"},"content":{"rendered":"<div class=\"col-12 col-xl-4\">\n<div class=\"ans-accordion\">\n<div class=\"ans-accordion-item\">\n<div class=\"ans-accordion-body d-xl-block\">\n<div class=\"ans-accordion-body-content\">\n<h3 class=\"d-none d-xl-block\">Descriere<\/h3>\n<ul>\n<li>\n<div class=\"ewa-rteLine\">Aderen\u021b\u0103\u00a0<strong>\u00eembun\u0103t\u0103\u021bit\u0103<\/strong>: cu suprafa\u021ba noastr\u0103 Mega Texture pentru o aderen\u021b\u0103 consistent\u0103 \u00een condi\u021bii uscate \u0219i umede.<\/div>\n<\/li>\n<li>\n<div class=\"ewa-rteLine\"><strong>Rezisten\u021b\u0103<\/strong>\u00a0la rupere: grosimea robust\u0103 a palmei de 0,13 mm\/5,1 milimetri pentru a rezista la rupere \u00een timpul utiliz\u0103rii.<\/div>\n<\/li>\n<li>\n<div class=\"ewa-rteLine\">Vizibilitate\u00a0<strong>ridicat\u0103:<\/strong>\u00a0culoare portocalie pentru a cre\u0219te vizibilitatea \u00een timpul lucrului<\/div>\n<\/li>\n<li>\n<div class=\"ewa-rteLine\"><strong>Durabil:\u00a0<\/strong>Formul\u0103 rezistent\u0103 care asigur\u0103 o protec\u021bie durabil\u0103 \u0219i confortabil\u0103 a m\u00e2inilor<\/div>\n<\/li>\n<li>\n<div class=\"ewa-rteLine\"><strong>Aprobat<\/strong>\u00a0pentru alimente: Ideal pentru o gam\u0103 larg\u0103 de aplica\u021bii de manipulare a alimentelor<\/div>\n<\/li>\n<\/ul>\n<\/div>\n<\/div>\n<\/div>\n<div class=\"ans-accordion-item\">\n<div class=\"ans-accordion-body d-xl-block\">\n<div class=\"ans-accordion-body-content\">\n<h3 class=\"d-none d-xl-block\">Recomandat pentru<\/h3>\n<ul>\n<li>Pia\u021ba accesoriilor de uz general pentru autovehicule<\/li>\n<li>Prelucrare \u0219i manipulare de alimente<\/li>\n<li>Schimb de ulei, fluide \u0219i filtre<\/li>\n<li>Repara\u021bii de transmisii \u0219i motoare<\/li>\n<li>Lucr\u0103ri mecanice<\/li>\n<li>\u00centre\u021binere<\/li>\n<li>Rotirea \u0219i schimbarea anvelopelor<\/li>\n<li>\u00centre\u021binerea vehiculelor<\/li>\n<li>Asamblare de piese<\/li>\n<\/ul>\n<\/div>\n<\/div>\n<\/div>\n<div class=\"ans-accordion-item\">\n<div class=\"ans-accordion-body d-xl-block\">\n<div class=\"ans-accordion-body-content\">\n<h3 class=\"d-none d-xl-block\">Industrii primare<\/h3>\n<ul>\n<li><a href=\"https:\/\/www.ansell.com\/ro\/ro\/sectors\/automotive\"><strong>Autovehicule<\/strong><\/a><\/li>\n<li><a href=\"https:\/\/www.ansell.com\/ro\/ro\/sectors\/automotive-aftermarket\"><strong>Pia\u021ba accesoriilor pentru autovehicule<\/strong><\/a><\/li>\n<li><a href=\"https:\/\/www.ansell.com\/ro\/ro\/sectors\/food-processing\"><strong>Prelucrarea alimentelor<\/strong><\/a><\/li>\n<li><a href=\"https:\/\/www.ansell.com\/ro\/ro\/sectors\/machinery-equipment\"><strong>Utilaje \u0219i echipamente<\/strong><\/a><\/li>\n<li><strong>\u00centre\u021binere<\/strong><\/li>\n<li><strong>Fabrica\u021bie<\/strong><\/li>\n<li><strong>Reciclarea \u0219i eliminarea de\u0219eurilor<\/strong><\/li>\n<li><strong>Transportation<\/strong><\/li>\n<\/ul>\n<\/div>\n<\/div>\n<\/div>\n<\/div>\n<\/div>\n<div class=\"col-12 col-xl-4\">\n<div class=\"ans-accordion\">\n<div class=\"ans-accordion-item\">\n<div class=\"ans-accordion-body d-xl-block\">\n<div class=\"ans-accordion-body-content\">\n<h3 class=\"d-none d-xl-block\">Detalii produs<\/h3>\n<ul class=\"underlined-list\">\n<li data-webid=\"product-specification\"><span data-webid=\"product-specification-label\">MATERIAL-<\/span><span data-webid=\"product-specification-value\">Nitril<\/span><\/li>\n<li data-webid=\"product-specification\"><span data-webid=\"product-specification-label\">NU ESTE CONFEC\u021aIONAT DIN LATEX DE CAUCIUC NATURAL-<\/span><span data-webid=\"product-specification-value\">Da<\/span><\/li>\n<li data-webid=\"product-specification\"><span data-webid=\"product-specification-label\">CULOARE-<\/span><span data-webid=\"product-specification-value\">Portocaliu<\/span><\/li>\n<li data-webid=\"product-specification\"><span data-webid=\"product-specification-label\">LUNGIMEA MAN\u0218ETEI-<\/span><span data-webid=\"product-specification-value\">Standard<\/span><\/li>\n<li data-webid=\"product-specification\"><span data-webid=\"product-specification-label\">CON\u021aINUTUL DE PULBERE-<\/span><span data-webid=\"product-specification-value\">F\u0103r\u0103 pudr\u0103<\/span><\/li>\n<li data-webid=\"product-specification\"><span data-webid=\"product-specification-label\">SUPRAFA\u021aA M\u0102NU\u0218II EXTERIOARE-<\/span><span data-webid=\"product-specification-value\">Complet texturat<\/span><\/li>\n<li data-webid=\"product-specification\"><span data-webid=\"product-specification-label\">LIBERTATEA DE LA G\u0102URI (NIVEL DE INSPEC\u021aIE I)<\/span><span data-webid=\"product-specification-value\">1.5 AQL<\/span><\/li>\n<li data-webid=\"product-specification\"><span data-webid=\"product-specification-label\">GROSIMEA DEGETULUI (MM\/MIL)<\/span><span data-webid=\"product-specification-value\">0.16\/6.3<\/span><\/li>\n<li data-webid=\"product-specification\"><span data-webid=\"product-specification-label\">GROSIMEA PALMEI (MM\/MIL)<\/span><span data-webid=\"product-specification-value\">0.13\/5.1<\/span><\/li>\n<li data-webid=\"product-specification\"><span data-webid=\"product-specification-label\">PREVENIREA ALERGIILOR-<\/span><span data-webid=\"product-specification-value\">Latex (tip I)<\/span><\/li>\n<li data-webid=\"product-specification\"><span data-webid=\"product-specification-label\">DIMENSIUNI DISPONIBILE-<\/span><span data-webid=\"product-specification-value\">S (6.5 &#8211; 7), M (7.5 &#8211; 8), L (8.5\u20139), XL (9.5 &#8211; 10), XXL (10.5 &#8211; 11)<\/span><\/li>\n<li data-webid=\"product-specification\"><span data-webid=\"product-specification-label\">TESTAT\u0102 PENTRU UTILIZARE CU MEDICAMENTE PENTRU CHIMIOTERAPIE-<\/span><span data-webid=\"product-specification-value\">Nu<\/span><\/li>\n<li data-webid=\"product-specification\"><span data-webid=\"product-specification-label\">F\u0102R\u0102 SILICON-<\/span><span data-webid=\"product-specification-value\">Nu<\/span><\/li>\n<li data-webid=\"product-specification\"><span data-webid=\"product-specification-label\">STERILE-<\/span><span data-webid=\"product-specification-value\">Nu<\/span><\/li>\n<li data-webid=\"product-specification\"><span data-webid=\"product-specification-label\">ANTISTATICE-<\/span><span data-webid=\"product-specification-value\">Da EN1149<\/span><\/li>\n<li data-webid=\"product-specification\"><span data-webid=\"product-specification-label\">RECOMANDARE DE M\u0102NU\u0218I DUBLE-<\/span><span data-webid=\"product-specification-value\">Da, ca m\u0103nu\u0219\u0103 exterioar\u0103<\/span><\/li>\n<li data-webid=\"product-specification\"><span data-webid=\"product-specification-label\">LUNGIME M\u0102NU\u0218\u0102-<\/span><span data-webid=\"product-specification-value\">240\/9.45<\/span><\/li>\n<li data-webid=\"product-specification\"><span data-webid=\"product-specification-label\">SEGMENTAREA PRODUSELOR-<\/span><span data-webid=\"product-specification-value\">Robuste<\/span><\/li>\n<li data-webid=\"product-specification\">DOWNLOAD<br \/>\n<a href=\"https:\/\/www.ansell.com\/ro\/ro\/products\/microflex-mega-texture-93-256\/pds\/LokSmIAIbE5Np85JhhWhuQ\">Fisa tehnica<\/a><\/li>\n<li data-webid=\"product-specification\"><a href=\"https:\/\/www.ansell.com\/ro\/ro\/products\/microflex-mega-texture-93-256\/doc\/LokSmIAIbE5Np85JhhWhuQ\">Declaratie de conformitate<\/a><\/li>\n<li data-webid=\"product-specification\"><a href=\"https:\/\/www.ansell.com\/ro\/ro\/products\/microflex-mega-texture-93-256\/fdoc\/LokSmIAIbE5Np85JhhWhuQ\">Declaratie de conformitate a produsului pentru alimente<\/a><\/li>\n<\/ul>\n<\/div>\n<\/div>\n<\/div>\n<\/div>\n<\/div>\n","protected":false},"excerpt":{"rendered":"<p>M\u0103nu\u0219i de unic\u0103 folosin\u021b\u0103 din nitril care asigur\u0103 o aderen\u021b\u0103 sigur\u0103 \u0219i o protec\u021bie durabil\u0103<\/p>\n","protected":false},"featured_media":290,"comment_status":"open","ping_status":"closed","template":"","meta":{"pagelayer_contact_templates":[],"_pagelayer_content":""},"product_brand":[],"product_cat":[15],"product_tag":[],"class_list":{"0":"post-281","1":"product","2":"type-product","3":"status-publish","4":"has-post-thumbnail","6":"product_cat-uncategorized","8":"first","9":"instock","10":"shipping-taxable","11":"purchasable","12":"product-type-variable"},"jetpack_sharing_enabled":true,"_links":{"self":[{"href":"https:\/\/e-manusi.ro\/index.php?rest_route=\/wp\/v2\/product\/281","targetHints":{"allow":["GET"]}}],"collection":[{"href":"https:\/\/e-manusi.ro\/index.php?rest_route=\/wp\/v2\/product"}],"about":[{"href":"https:\/\/e-manusi.ro\/index.php?rest_route=\/wp\/v2\/types\/product"}],"replies":[{"embeddable":true,"href":"https:\/\/e-manusi.ro\/index.php?rest_route=%2Fwp%2Fv2%2Fcomments&post=281"}],"wp:featuredmedia":[{"embeddable":true,"href":"https:\/\/e-manusi.ro\/index.php?rest_route=\/wp\/v2\/media\/290"}],"wp:attachment":[{"href":"https:\/\/e-manusi.ro\/index.php?rest_route=%2Fwp%2Fv2%2Fmedia&parent=281"}],"wp:term":[{"taxonomy":"product_brand","embeddable":true,"href":"https:\/\/e-manusi.ro\/index.php?rest_route=%2Fwp%2Fv2%2Fproduct_brand&post=281"},{"taxonomy":"product_cat","embeddable":true,"href":"https:\/\/e-manusi.ro\/index.php?rest_route=%2Fwp%2Fv2%2Fproduct_cat&post=281"},{"taxonomy":"product_tag","embeddable":true,"href":"https:\/\/e-manusi.ro\/index.php?rest_route=%2Fwp%2Fv2%2Fproduct_tag&post=281"}],"curies":[{"name":"wp","href":"https:\/\/api.w.org\/{rel}","templated":true}]}}