{"id":300,"date":"2025-10-06T19:01:38","date_gmt":"2025-10-06T19:01:38","guid":{"rendered":"https:\/\/e-manusi.ro\/wp\/?post_type=product&#038;p=300"},"modified":"2026-04-15T22:09:22","modified_gmt":"2026-04-15T19:09:22","slug":"combinezon-alphatec-2300","status":"publish","type":"product","link":"https:\/\/e-manusi.ro\/?product=combinezon-alphatec-2300","title":{"rendered":"COMBINEZON ALPHATEC 2300"},"content":{"rendered":"<div class=\"row\">\n<div class=\"col-12\">\n<div class=\"ans-accordion\">\n<div class=\"ans-accordion-item\">\n<div class=\"ans-accordion-body d-xl-block\">\n<div class=\"ans-accordion-body-content\">\n<div class=\"certificate-component\">\n<h3 class=\"d-none d-xl-block\">Standarde \u0219i certific\u0103ri<\/h3>\n<div class=\"certificate-component__wrapper d-flex flex-wrap js-certificate-slider\">\n<div class=\"certificate-component__item js-certificate-slider-item\" data-webid=\"certification-value\"><img decoding=\"async\" src=\"https:\/\/www.ansell.com\/-\/media\/projects\/ansell\/website\/pim\/taxonomy\/standards\/en-374\/icon_chemical-protective-clothing-plain-shield.ashx?mh=50&amp;la=ro&amp;h=50&amp;w=42&amp;mw=50&amp;hash=A75EA6AE5F8ABD06A768E70FC9617C25\" alt=\"\" \/><\/div>\n<div class=\"certificate-component__item js-certificate-slider-item\" data-webid=\"certification-value\"><img decoding=\"async\" src=\"https:\/\/www.ansell.com\/-\/media\/projects\/ansell\/website\/pim\/taxonomy\/standards\/eu-type\/standards_eu-type-5b.ashx?mh=50&amp;la=ro&amp;h=50&amp;w=40&amp;mw=50&amp;hash=093554E6DDEAB07ED9AEACC2891D2428\" alt=\"EN ISO 13982-1:2004 + A1:2010\" \/><\/div>\n<div class=\"certificate-component__item js-certificate-slider-item\" data-webid=\"certification-value\"><img decoding=\"async\" src=\"https:\/\/www.ansell.com\/-\/media\/projects\/ansell\/website\/pim\/taxonomy\/standards\/eu-type\/standards_eu-type-6b.ashx?mh=50&amp;la=ro&amp;h=50&amp;w=40&amp;mw=50&amp;hash=29DA9B3A6251987A5166040E1E5B6861\" alt=\"EN 13034:2005 + A1:2009\" \/><\/div>\n<div class=\"certificate-component__item js-certificate-slider-item\" data-webid=\"certification-value\"><img decoding=\"async\" src=\"https:\/\/www.ansell.com\/-\/media\/projects\/ansell\/website\/pim\/taxonomy\/standards\/ce\/ce.ashx?mh=50&amp;la=ro&amp;h=50&amp;w=50&amp;mw=50&amp;hash=2BC504D1317AD006249EEB0E9CB76C93\" alt=\"Num\u0103r CE\" \/><span class=\"certifications__bottom\">0598<\/span><\/div>\n<div class=\"certificate-component__item js-certificate-slider-item\" data-webid=\"certification-value\"><img decoding=\"async\" src=\"https:\/\/www.ansell.com\/-\/media\/projects\/ansell\/website\/pim\/taxonomy\/standards\/en-1073\/en-1073_2_2002.ashx?mh=50&amp;la=ro&amp;h=50&amp;w=42&amp;mw=50&amp;hash=6AA3F464BB7A53DF0D8F28DE9D57023E\" alt=\"EN 1073-2:2002\" \/><\/div>\n<div class=\"certificate-component__item js-certificate-slider-item\" data-webid=\"certification-value\"><img decoding=\"async\" src=\"https:\/\/www.ansell.com\/-\/media\/projects\/ansell\/website\/pim\/taxonomy\/standards\/en-1149\/en-1149_5_2008.ashx?mh=50&amp;la=ro&amp;h=50&amp;w=40&amp;mw=50&amp;hash=A08766FA84F956202875BD58C8B918CE\" alt=\"EN 1149-5:2018\" \/><\/div>\n<div class=\"certificate-component__item js-certificate-slider-item\" data-webid=\"certification-value\"><img decoding=\"async\" src=\"https:\/\/www.ansell.com\/-\/media\/projects\/ansell\/website\/pim\/taxonomy\/standards\/en-14126\/en-14126.ashx?mh=50&amp;la=ro&amp;h=50&amp;w=37&amp;mw=50&amp;hash=6F3B8D8908EC5BD3D0C4AE4FFBDAB29C\" alt=\"EN 14126:2003\" \/><\/div>\n<div class=\"certificate-component__item js-certificate-slider-item\" data-webid=\"certification-value\">EN ISO 13688:2013<\/div>\n<\/div>\n<\/div>\n<\/div>\n<\/div>\n<\/div>\n<\/div>\n<\/div>\n<\/div>\n<div class=\"row\">\n<div class=\"col-12 col-xl-4\">\n<div class=\"ans-accordion\">\n<div class=\"ans-accordion-item\">\n<div class=\"ans-accordion-body d-xl-block\">\n<div class=\"ans-accordion-body-content\">\n<h3 class=\"d-none d-xl-block\">Descriere<\/h3>\n<ul>\n<li style=\"list-style-type: none;\">\n<ul>\n<li><b>Protec\u021bie specializat\u0103:<\/b>\u00a0Oferind protec\u021bie chimic\u0103 u\u0219oar\u0103*, combina\u021bia AlphaTec<sup>\u00ae<\/sup>\u00a02300 STANDARD Bound &#8211; Model 111 de strat de barier\u0103 din polietilen\u0103 \u0219i strat interior ne\u021besut bicomponent protejeaz\u0103 \u00een special \u00eempotriva substan\u021belor chimice lichide anorganice, inclusiv acizi \u0219i baze<\/li>\n<li><b>Practicitate sporit\u0103:<\/b>\u00a0Practicitatea \u0219i capacitatea de utilizare sunt, de asemenea, \u00eembun\u0103t\u0103\u021bite de designul robust \u0219i u\u0219or al acestui costum de protec\u021bie<\/li>\n<li><b>Siguran\u021b\u0103 suplimentar\u0103:<\/b>\u00a0Culoarea galben str\u0103lucitor spore\u0219te vizibilitatea, evit\u00e2nd accidentele \u0219i \u00eembun\u0103t\u0103\u021bind siguran\u021ba la locul de munc\u0103<\/li>\n<li><b>Caracteristici \u00eembun\u0103t\u0103\u021bite:<\/b>\u00a0\u00cen plus, are o clapet\u0103 cu fermoar proiectat\u0103 cu o \u00eenchidere cu band\u0103 autoadeziv\u0103 \u0219i o glug\u0103 adaptat\u0103 la respirator<\/li>\n<li><b>Capacit\u0103\u021bi antistatice dovedite:<\/b>\u00a0Certificat EN 1149-5, acest costum de protec\u021bie chimic\u0103 este o op\u021biune sigur\u0103 \u0219i fiabil\u0103 pentru manipularea componentelor electrice<\/li>\n<\/ul>\n<\/li>\n<\/ul>\n<p><sup><i>*CE Categoria III Tip 5\/6 de protec\u021bie<\/i><\/sup><\/p>\n<\/div>\n<\/div>\n<\/div>\n<div class=\"ans-accordion-item\">\n<div class=\"ans-accordion-body d-xl-block\">\n<div class=\"ans-accordion-body-content\">\n<h3 class=\"d-none d-xl-block\">Caracteristici de proiectare<\/h3>\n<p>Salopet\u0103, glug\u0103 din 3 piese, glug\u0103, talie, man\u0219ete \u0219i glezne cu elastic. Fermoar frontal bidirec\u021bional cu clap\u0103 de protec\u021bie resigilabil\u0103 \u0219i bucle pentru degete.<\/p>\n<\/div>\n<\/div>\n<\/div>\n<div class=\"ans-accordion-item\">\n<div class=\"ans-accordion-body d-xl-block\">\n<div class=\"ans-accordion-body-content\">\n<h3 class=\"d-none d-xl-block\">Recomandat pentru<\/h3>\n<ul>\n<li>\u00centre\u021binerea \u0219i repararea echipamentelor<\/li>\n<li>Repara\u021bii \u0219i \u00eentre\u021binere de echipamente<\/li>\n<li>Manipularea componentelor structurale \u0219i ale caroseriei<\/li>\n<li>Asamblarea \u0219i inspec\u021bia componentelor<\/li>\n<li>Aplica\u021bii cu fibre de sticl\u0103\/r\u0103\u0219ini\/fibre ceramice<\/li>\n<\/ul>\n<\/div>\n<\/div>\n<\/div>\n<div class=\"ans-accordion-item\">\n<div class=\"ans-accordion-body d-xl-block\">\n<div class=\"ans-accordion-body-content\">\n<h3 class=\"d-none d-xl-block\">Industrii primare<\/h3>\n<ul>\n<li><a href=\"https:\/\/www.ansell.com\/ro\/ro\/sectors\/life-sciences\"><strong>Biologie<\/strong><\/a><\/li>\n<li><a href=\"https:\/\/www.ansell.com\/ro\/ro\/sectors\/machinery-equipment\"><strong>Utilaje \u0219i echipamente<\/strong><\/a><\/li>\n<li><a href=\"https:\/\/www.ansell.com\/ro\/ro\/sectors\/agriculture\"><strong>Agricultur\u0103<\/strong><\/a><\/li>\n<li><a href=\"https:\/\/www.ansell.com\/ro\/ro\/sectors\/food-processing\"><strong>Prelucrarea alimentelor<\/strong><\/a><\/li>\n<\/ul>\n<\/div>\n<\/div>\n<\/div>\n<\/div>\n<\/div>\n<div class=\"col-12 col-xl-4\">\n<div class=\"ans-accordion\">\n<div class=\"ans-accordion-item\">\n<div class=\"ans-accordion-body d-xl-block\">\n<div class=\"ans-accordion-body-content\">\n<h3 class=\"d-none d-xl-block\">Detalii produs<\/h3>\n<ul class=\"underlined-list\">\n<li data-webid=\"product-specification\"><span data-webid=\"product-specification-label\">DIMENSIUNI DISPONIBILE<\/span><span data-webid=\"product-specification-value\">S, M, L, XL, 2XL, 3XL, 4XL, 5XL<\/span><\/li>\n<li data-webid=\"product-specification\"><span data-webid=\"product-specification-label\">CULOARE<\/span><span data-webid=\"product-specification-value\">Galben<\/span><\/li>\n<li data-webid=\"product-specification\"><span data-webid=\"product-specification-label\">\u021aARA DE ORIGINE<\/span><span data-webid=\"product-specification-value\">China<\/span><\/li>\n<li data-webid=\"product-specification\"><span data-webid=\"product-specification-label\">TIP DE TESATURA<\/span><span data-webid=\"product-specification-value\">2300<\/span><\/li>\n<li data-webid=\"product-specification\"><span data-webid=\"product-specification-label\">BUCLE PENTRU DEGETE<\/span><span data-webid=\"product-specification-value\">Da<\/span><\/li>\n<li data-webid=\"product-specification\"><span data-webid=\"product-specification-label\">MATERIAL PRODUS<\/span><span data-webid=\"product-specification-value\">Polietilen\u0103 pe bicomponent\u0103 Polipropilen\u0103\/Polietilen\u0103 ne\u021besut\u0103<\/span><\/li>\n<li data-webid=\"product-specification\"><span data-webid=\"product-specification-label\">TIP DE CUS\u0102TUR\u0102<\/span><span data-webid=\"product-specification-value\">Lipit\u0103<\/span><\/li>\n<li data-webid=\"product-specification\"><span data-webid=\"product-specification-label\">TERMENUL DE VALABILITATE<\/span><span data-webid=\"product-specification-value\">5 years<\/span><\/li>\n<li data-webid=\"product-specification\"><span data-webid=\"product-specification-label\">PREZENTAREA STANDARDELOR<\/span><span data-webid=\"product-specification-value\">CATEGORIA CE III (Tip 5-B, Tipul 6-B, EN 1073-2, EN 14126, EN 1149-5)<\/span><\/li>\n<li data-webid=\"product-specification\"><span data-webid=\"product-specification-label\">NUM\u0102R DE STIL<\/span><span data-webid=\"product-specification-value\">Y23B111<\/span><\/li>\n<li data-webid=\"product-specification\"><span data-webid=\"product-specification-label\">GREUTATE<\/span><span data-webid=\"product-specification-value\">65g\/mp<\/span><\/li>\n<\/ul>\n<\/div>\n<\/div>\n<\/div>\n<div class=\"ans-accordion-item\">\n<div class=\"ans-accordion-body d-xl-block\">\n<div class=\"ans-accordion-body-content\">\n<h3 class=\"d-none d-xl-block\">DOWNLOAD:<\/h3>\n<p><a href=\"https:\/\/www.ansell.com\/ro\/ro\/products\/alphatec-2300-standard-bound-model-111\/pds\/AueqdcFZJDM3gPa41oG7MQ\">Fisa tehnica<\/a><\/p>\n<p><a href=\"https:\/\/www.ansell.com\/ro\/ro\/products\/alphatec-2300-standard-bound-model-111\/doc\/AueqdcFZJDM3gPa41oG7MQ\">Declaratie de conformitate<\/a><\/p>\n<\/div>\n<\/div>\n<\/div>\n<\/div>\n<\/div>\n<\/div>\n","protected":false},"excerpt":{"rendered":"<p class=\"sub-header\" data-webid=\"old-product-name\">Cunoscut anterior ca: MICROGARD<sup>\u00ae<\/sup>\u00a02300 STANDARD &#8211; Model 111<\/p>\n<p>Barier\u0103 chimic\u0103 la solicit\u0103ri medii, protec\u021bie tip 5\/6<\/p>\n","protected":false},"featured_media":304,"comment_status":"open","ping_status":"closed","template":"","meta":{"pagelayer_contact_templates":[],"_pagelayer_content":""},"product_brand":[],"product_cat":[15],"product_tag":[],"class_list":{"0":"post-300","1":"product","2":"type-product","3":"status-publish","4":"has-post-thumbnail","6":"product_cat-uncategorized","8":"first","9":"instock","10":"shipping-taxable","11":"purchasable","12":"product-type-variable"},"jetpack_sharing_enabled":true,"_links":{"self":[{"href":"https:\/\/e-manusi.ro\/index.php?rest_route=\/wp\/v2\/product\/300","targetHints":{"allow":["GET"]}}],"collection":[{"href":"https:\/\/e-manusi.ro\/index.php?rest_route=\/wp\/v2\/product"}],"about":[{"href":"https:\/\/e-manusi.ro\/index.php?rest_route=\/wp\/v2\/types\/product"}],"replies":[{"embeddable":true,"href":"https:\/\/e-manusi.ro\/index.php?rest_route=%2Fwp%2Fv2%2Fcomments&post=300"}],"wp:featuredmedia":[{"embeddable":true,"href":"https:\/\/e-manusi.ro\/index.php?rest_route=\/wp\/v2\/media\/304"}],"wp:attachment":[{"href":"https:\/\/e-manusi.ro\/index.php?rest_route=%2Fwp%2Fv2%2Fmedia&parent=300"}],"wp:term":[{"taxonomy":"product_brand","embeddable":true,"href":"https:\/\/e-manusi.ro\/index.php?rest_route=%2Fwp%2Fv2%2Fproduct_brand&post=300"},{"taxonomy":"product_cat","embeddable":true,"href":"https:\/\/e-manusi.ro\/index.php?rest_route=%2Fwp%2Fv2%2Fproduct_cat&post=300"},{"taxonomy":"product_tag","embeddable":true,"href":"https:\/\/e-manusi.ro\/index.php?rest_route=%2Fwp%2Fv2%2Fproduct_tag&post=300"}],"curies":[{"name":"wp","href":"https:\/\/api.w.org\/{rel}","templated":true}]}}